{"id":179,"date":"2020-01-22T22:53:05","date_gmt":"2020-01-22T21:53:05","guid":{"rendered":"https:\/\/larp.pihost.org\/?page_id=179"},"modified":"2023-02-26T20:52:22","modified_gmt":"2023-02-26T19:52:22","slug":"firstantan","status":"publish","type":"page","link":"https:\/\/magnolius-larp.de\/index.php\/firstantan\/","title":{"rendered":"Haus Firstantan"},"content":{"rendered":"<p>&nbsp;<\/p>\n<p>Die Auswahlkriterien f\u00fcr das Haus Firstantan sind seit jeher streng. Dabei geht es nicht um den Blutstatus, die Abstammung oder bisherige Kenntnisse, vielmehr geht es um das Potential und die Einstellung zur Magie, die jede*r Anw\u00e4rter*in mitbringt. Man munkelt, w\u00e4re Merlin nicht in England geboren, so w\u00e4re mit an Sicherheit grenzender Wahrscheinlichkeit einer derjenigen gewesen, der eine gesonderte Einladung zum Studium in Firstantan bekommen h\u00e4tte.<\/p>\n<p><span style=\"font-weight: 400;\">Wissen und Ahnungen,\u00a0<\/span><span style=\"font-weight: 400;\">Vorraussagungen und Kampfmagie sind die Studienschwerpunkte \u00fcber alle drei Jahre hinweg. Dar\u00fcber hinaus stehen Grundlagen wie Verwandlung Schutzzauber und Zauberstabkunde auf dem Lehrplan.\u00a0<\/span><\/p>\n<p style=\"padding-left: 80px;\"><span style=\"font-weight: 400;\">&#8222;Magie ist eine unb\u00e4ndige Macht. Eine Macht die keine Fehler verzeiht. Eine Macht die auf dunkle Abwege f\u00fchren kann. Es liegt an uns, unseren Geist zu st\u00e4hlen und der Versuchung zu widerstehen, damit wir diese Macht zum Schutze der Allgemeinheit einsetzen k\u00f6nnen. Daher erkl\u00e4re ich Kontrolle, Perfektion und Disziplin zu den Grundpfeilern meiner Arbeit&#8220;<\/span><\/p>\n<p style=\"text-align: right;\">Magnolius von Hohensolms<\/p>\n<p>Diese Grundeinstellung, die Magnolius in jedem seiner Sch\u00fctzlinge suchte, beeinflusst in vielen F\u00e4llen den Charakter der Firstantans. Strebsamkeit und Intelligenz zeichnet sie alle aus, doch das geht oft auch mit einer gewissen \u00dcberheblichkeit einher. Die Spr\u00f6sslinge vieler traditionell bewusster Familien streben ein Studium in Firstantan an. Ein guter Abschluss des Hauses \u00f6ffnet viele T\u00fcren in der Welt der Zauberei, auch au\u00dferhalb von Deutschland.<\/p>\n","protected":false},"excerpt":{"rendered":"<p>&nbsp; Die Auswahlkriterien f\u00fcr das Haus Firstantan sind seit jeher streng. Dabei geht es nicht um den Blutstatus, die Abstammung oder bisherige Kenntnisse, vielmehr geht es um das Potential und die Einstellung zur Magie, die &hellip;<\/p>\n","protected":false},"author":2,"featured_media":0,"parent":0,"menu_order":0,"comment_status":"closed","ping_status":"closed","template":"","meta":{"footnotes":""},"class_list":["post-179","page","type-page","status-publish","hentry"],"_links":{"self":[{"href":"https:\/\/magnolius-larp.de\/index.php\/wp-json\/wp\/v2\/pages\/179","targetHints":{"allow":["GET"]}}],"collection":[{"href":"https:\/\/magnolius-larp.de\/index.php\/wp-json\/wp\/v2\/pages"}],"about":[{"href":"https:\/\/magnolius-larp.de\/index.php\/wp-json\/wp\/v2\/types\/page"}],"author":[{"embeddable":true,"href":"https:\/\/magnolius-larp.de\/index.php\/wp-json\/wp\/v2\/users\/2"}],"replies":[{"embeddable":true,"href":"https:\/\/magnolius-larp.de\/index.php\/wp-json\/wp\/v2\/comments?post=179"}],"version-history":[{"count":9,"href":"https:\/\/magnolius-larp.de\/index.php\/wp-json\/wp\/v2\/pages\/179\/revisions"}],"predecessor-version":[{"id":855,"href":"https:\/\/magnolius-larp.de\/index.php\/wp-json\/wp\/v2\/pages\/179\/revisions\/855"}],"wp:attachment":[{"href":"https:\/\/magnolius-larp.de\/index.php\/wp-json\/wp\/v2\/media?parent=179"}],"curies":[{"name":"wp","href":"https:\/\/api.w.org\/{rel}","templated":true}]}}