{"id":219,"date":"2020-01-23T22:38:23","date_gmt":"2020-01-23T21:38:23","guid":{"rendered":"https:\/\/larp.pihost.org\/?page_id=219"},"modified":"2023-02-26T20:44:51","modified_gmt":"2023-02-26T19:44:51","slug":"deutsche-zaubereigeschichte","status":"publish","type":"page","link":"https:\/\/magnolius-larp.de\/index.php\/deutsche-zaubereigeschichte\/","title":{"rendered":"Deutsche Zaubereigeschichte"},"content":{"rendered":"<p><span style=\"font-weight: 400;\">Durch die Hexenverfolgungen im Mittelalter und die zwei gro\u00dfen Kriege im 20. Jahrhundert sahen sich immer wieder Magier*innen zur Flucht gen\u00f6tigt, weshalb die<strong> Zaubererschaft in Deutschland <\/strong><\/span><strong>heute in weiten Gebieten nur sporadisch vertreten<\/strong> ist. Dadurch sind Hexen und Zauberer enger mit der Nimag-Welt verbunden und leben meistens direkt unter ihnen. Vor allem in gro\u00dfen St\u00e4dten leben Magier*innen oft T\u00fcr an T\u00fcr mit Nimags. Speziell dadurch existieren in Deutschland <strong>strenge Geheimhaltungstatuten<\/strong>, die die wenigen Zaubererfamilien sch\u00fctzen sollen. In l\u00e4ndlichen Gegenden leben Zaubererfamilien nat\u00fcrlich abgeschotteter und sind dadurch noch schwerer zu finden.<\/p>\n<p><span style=\"font-weight: 400;\">Nichts desto trotz l\u00e4sst die <strong>Infrastruktur<\/strong> (Ministerium, L\u00e4den, Kultur, etc.) nichts zu w\u00fcnschen \u00fcbrig. In jedem Teil Deutschlands gibt es magische Familien, die zauberhafte Gegenst\u00e4nde, S\u00fc\u00dfigkeiten, Kleidungsst\u00fccke und noch vieles mehr herstellen. Allerdings lohnen gro\u00dfe Schulen nicht wirklich f\u00fcr eine so lichte Bev\u00f6lkerung. Das bedeutet: Die <a href=\"https:\/\/larp.pihost.org\/index.php\/zauberhafte-kindheit\/\">Kindheit<\/a> und <a href=\"https:\/\/larp.pihost.org\/index.php\/zauberhafter-lebenslauf\/\">Ausbildung<\/a> deutscher Magier*innen verl\u00e4uft etwas anders als es aus anderen L\u00e4ndern bekannt ist.\u00a0<\/span><\/p>\n<p><strong>Reisen<\/strong> unternehmen deutsche Zauberer und Hexen seit jeher \u00fcber das Kaminnetzwerk, da dies die sicherste, schnellste und unauff\u00e4lligste Fortbewegungsart ist. F\u00fcr spontane Reisen ohne Kaminanbindung kommen portable Feuerk\u00f6rbe oder Besen zum Einsatz. Dies birgt jedoch immer ein gewisses Entdeckungsrisiko durch Nimags.<\/p>\n<p>Alle neuesten Informationen erhalten Hexen und Zauberer in Deutschland seit \u00fcber 300 Jahre durch die <a href=\"https:\/\/magnolius-larp.de\/index.php\/waldschrat\/\">Waldschrat<\/a>-Redaktion. Das <strong>&#8222;spritzige und tagesaktuelle Informationsblatt&#8220;<\/strong>, wie es sich selbst betitelt berichtet \u00fcber alle notwendigen Neuigkeiten und ist seit kurzer Zeit in Ausz\u00fcgen auch <a href=\"https:\/\/magnolius-larp.de\/index.php\/2020\/01\/29\/waldschrat-jetzt-auch-online-verfuegbar\/\">online abrufbar<\/a>.<\/p>\n<p>&nbsp;<\/p>\n<p>&nbsp;<\/p>\n","protected":false},"excerpt":{"rendered":"<p>Durch die Hexenverfolgungen im Mittelalter und die zwei gro\u00dfen Kriege im 20. Jahrhundert sahen sich immer wieder Magier*innen zur Flucht gen\u00f6tigt, weshalb die Zaubererschaft in Deutschland heute in weiten Gebieten nur sporadisch vertreten ist. Dadurch &hellip;<\/p>\n","protected":false},"author":4,"featured_media":0,"parent":0,"menu_order":0,"comment_status":"closed","ping_status":"closed","template":"","meta":{"footnotes":""},"class_list":["post-219","page","type-page","status-publish","hentry"],"_links":{"self":[{"href":"https:\/\/magnolius-larp.de\/index.php\/wp-json\/wp\/v2\/pages\/219","targetHints":{"allow":["GET"]}}],"collection":[{"href":"https:\/\/magnolius-larp.de\/index.php\/wp-json\/wp\/v2\/pages"}],"about":[{"href":"https:\/\/magnolius-larp.de\/index.php\/wp-json\/wp\/v2\/types\/page"}],"author":[{"embeddable":true,"href":"https:\/\/magnolius-larp.de\/index.php\/wp-json\/wp\/v2\/users\/4"}],"replies":[{"embeddable":true,"href":"https:\/\/magnolius-larp.de\/index.php\/wp-json\/wp\/v2\/comments?post=219"}],"version-history":[{"count":11,"href":"https:\/\/magnolius-larp.de\/index.php\/wp-json\/wp\/v2\/pages\/219\/revisions"}],"predecessor-version":[{"id":849,"href":"https:\/\/magnolius-larp.de\/index.php\/wp-json\/wp\/v2\/pages\/219\/revisions\/849"}],"wp:attachment":[{"href":"https:\/\/magnolius-larp.de\/index.php\/wp-json\/wp\/v2\/media?parent=219"}],"curies":[{"name":"wp","href":"https:\/\/api.w.org\/{rel}","templated":true}]}}