{"id":276,"date":"2020-01-29T00:26:36","date_gmt":"2020-01-28T23:26:36","guid":{"rendered":"https:\/\/larp.pihost.org\/?page_id=276"},"modified":"2023-02-26T20:53:25","modified_gmt":"2023-02-26T19:53:25","slug":"bundeszirkel-fuer-magische-angelegenheiten","status":"publish","type":"page","link":"https:\/\/magnolius-larp.de\/index.php\/bundeszirkel-fuer-magische-angelegenheiten\/","title":{"rendered":"Bundeszirkel f\u00fcr Magische Angelegenheiten"},"content":{"rendered":"<p><span style=\"font-weight: 400;\">Die Institution Magnolius steht weitgehend unter akademischen Schutz, verwaltet sich also selbst. Allgemein steht Deutschland unter der Verwaltung der Beh\u00f6rde \u201cBundeszirkel f\u00fcr Magische Angelegenheiten\u201d (kurz BuMA).<\/span><\/p>\n<p><span style=\"font-weight: 400;\">Der <strong>BuMA<\/strong> verf\u00fcgt \u00fcber verschiedene Abteilungen, darunter beispielsweise der Wetterschutz, die Abteilung f\u00fcr Zulassungen von Zaubereihilfsmittel, die Magiefinanzbeh\u00f6rde, die <a href=\"https:\/\/larp.pihost.org\/index.php\/zauberhafte-kindheit\/\">Kilburinstal<\/a>verwaltung, das Kaminkontrollgremium, oder auch die Bundeszuchtaufsicht f\u00fcr magische Wesen. <\/span><\/p>\n<p><span style=\"font-weight: 400;\">Kurz gesagt: f\u00fcr alles gibt es eine Abteilung.<\/span><\/p>\n<p><strong>Die b\u00fcrokratischen H\u00fcrden<\/strong> sind zum Teil immens hoch, so kann es sein, dass zum Beispiel ein Anschluss des heimischen Kamins an das Netzwerk einige Monte in Anspruch nehmen kann, da hierf\u00fcr insgesamt 17 Formulare(darunter der Nachweis \u00fcber Kamintauglichkeit, sowie eine Lebensberechtigungsbescheinigung) bei 8 verschiedenen Abteilungen eingereicht werden m\u00fcssen.<\/p>\n<p>&nbsp;<\/p>\n","protected":false},"excerpt":{"rendered":"<p>Die Institution Magnolius steht weitgehend unter akademischen Schutz, verwaltet sich also selbst. Allgemein steht Deutschland unter der Verwaltung der Beh\u00f6rde \u201cBundeszirkel f\u00fcr Magische Angelegenheiten\u201d (kurz BuMA). Der BuMA verf\u00fcgt \u00fcber verschiedene Abteilungen, darunter beispielsweise der &hellip;<\/p>\n","protected":false},"author":2,"featured_media":0,"parent":0,"menu_order":0,"comment_status":"closed","ping_status":"closed","template":"","meta":{"footnotes":""},"class_list":["post-276","page","type-page","status-publish","hentry"],"_links":{"self":[{"href":"https:\/\/magnolius-larp.de\/index.php\/wp-json\/wp\/v2\/pages\/276","targetHints":{"allow":["GET"]}}],"collection":[{"href":"https:\/\/magnolius-larp.de\/index.php\/wp-json\/wp\/v2\/pages"}],"about":[{"href":"https:\/\/magnolius-larp.de\/index.php\/wp-json\/wp\/v2\/types\/page"}],"author":[{"embeddable":true,"href":"https:\/\/magnolius-larp.de\/index.php\/wp-json\/wp\/v2\/users\/2"}],"replies":[{"embeddable":true,"href":"https:\/\/magnolius-larp.de\/index.php\/wp-json\/wp\/v2\/comments?post=276"}],"version-history":[{"count":7,"href":"https:\/\/magnolius-larp.de\/index.php\/wp-json\/wp\/v2\/pages\/276\/revisions"}],"predecessor-version":[{"id":857,"href":"https:\/\/magnolius-larp.de\/index.php\/wp-json\/wp\/v2\/pages\/276\/revisions\/857"}],"wp:attachment":[{"href":"https:\/\/magnolius-larp.de\/index.php\/wp-json\/wp\/v2\/media?parent=276"}],"curies":[{"name":"wp","href":"https:\/\/api.w.org\/{rel}","templated":true}]}}