{"id":396,"date":"2020-01-29T20:24:05","date_gmt":"2020-01-29T19:24:05","guid":{"rendered":"https:\/\/larp.pihost.org\/?page_id=396"},"modified":"2020-04-04T18:10:49","modified_gmt":"2020-04-04T16:10:49","slug":"impressum","status":"publish","type":"page","link":"https:\/\/magnolius-larp.de\/index.php\/impressum\/","title":{"rendered":"Impressum"},"content":{"rendered":"<h3>1. Haftungsbeschr\u00e4nkung<\/h3>\n<p>Die Inhalte dieser Website werden mit gr\u00f6\u00dftm\u00f6glicher Sorgfalt erstellt. Der Anbieter \u00fcbernimmt jedoch keine Gew\u00e4hr f\u00fcr die Richtigkeit, Vollst\u00e4ndigkeit und Aktualit\u00e4t der bereitgestellten Inhalte. Die Nutzung der Inhalte der Website erfolgt auf eigene Gefahr des Nutzers. Namentlich gekennzeichnete Beitr\u00e4ge geben die Meinung des jeweiligen Autors und nicht immer die Meinung des Anbieters wieder. Mit der reinen Nutzung der Website des Anbieters kommt keinerlei Vertragsverh\u00e4ltnis zwischen dem Nutzer und dem Anbieter zustande.<\/p>\n<h3>2. Externe Links<\/h3>\n<p>Diese Website enth\u00e4lt Verkn\u00fcpfungen zu Websites Dritter (&#8222;externe Links&#8220;). Diese Websites unterliegen der Haftung der jeweiligen Betreiber. Der Anbieter hat bei der erstmaligen Verkn\u00fcpfung der externen Links die fremden Inhalte daraufhin \u00fcberpr\u00fcft, ob etwaige Rechtsverst\u00f6\u00dfe bestehen. Zu dem Zeitpunkt waren keine Rechtsverst\u00f6\u00dfe ersichtlich. Der Anbieter hat keinerlei Einfluss auf die aktuelle und zuk\u00fcnftige Gestaltung und auf die Inhalte der verkn\u00fcpften Seiten. Das Setzen von externen Links bedeutet nicht, dass sich der Anbieter die hinter dem Verweis oder Link liegenden Inhalte zu Eigen macht. Eine st\u00e4ndige Kontrolle dieser externen Links ist f\u00fcr den Anbieter ohne konkrete Hinweise auf Rechtsverst\u00f6\u00dfe nicht zumutbar. Bei Kenntnis von Rechtsverst\u00f6\u00dfen werden jedoch derartige externe Links unverz\u00fcglich gel\u00f6scht.<\/p>\n<h3>3. Urheber- und Leistungsschutzrechte<\/h3>\n<p>Die auf dieser Website ver\u00f6ffentlichten Inhalte unterliegen dem deutschen Urheber- und Leistungsschutzrecht. Jede vom deutschen Urheber- und Leistungsschutzrecht nicht zugelassene Verwertung bedarf der vorherigen schriftlichen Zustimmung des Anbieters oder jeweiligen Rechteinhabers. Dies gilt insbesondere f\u00fcr Vervielf\u00e4ltigung, Bearbeitung, \u00dcbersetzung, Einspeicherung, Verarbeitung bzw. Wiedergabe von Inhalten in Datenbanken oder anderen elektronischen Medien und Systemen. Inhalte und Rechte Dritter sind dabei als solche gekennzeichnet. Die unerlaubte Vervielf\u00e4ltigung oder Weitergabe einzelner Inhalte oder kompletter Seiten ist nicht gestattet und strafbar. Lediglich die Herstellung von Kopien und Downloads f\u00fcr den pers\u00f6nlichen, privaten und nicht kommerziellen Gebrauch ist erlaubt. Die Darstellung dieser Website in fremden Frames ist nur mit schriftlicher Erlaubnis zul\u00e4ssig.<\/p>\n<h3>4. Datenschutz<\/h3>\n<p><strong>Grundsatz<\/strong><br \/>\nDer Schutz Ihrer personenbezogenen Daten ist uns ein wichtiges Anliegen. Wir behandeln Ihre personenbezogenen Daten vertraulich und entsprechend der gesetzlichen Datenschutzvorschriften sowie dieser Datenschutzerkl\u00e4rung.<br \/>\n<strong>Allgemein<\/strong><br \/>\nPersonenbezogene Daten sind Einzelangaben \u00fcber pers\u00f6nliche oder sachliche Verh\u00e4ltnisse einer bestimmten oder bestimmbaren nat\u00fcrlichen Person. Darunter fallen Informationen wie der b\u00fcrgerliche Name, die Anschrift, die Telefonnummer und das Geburtsdatum.<br \/>\nDa diese Daten besonderen Schutz genie\u00dfen, werden sie bei uns nur im technisch erforderlichen Umfang erhoben. Nachfolgend werden wir Ihnen entsprechend unserer Pflicht erl\u00e4utern, welche Informationen wir w\u00e4hrend Ihres Besuches auf unserer Internetseite erfassen und wie diese genutzt werden.<br \/>\nUnsere Datenschutzpraxis steht im Einklang mit den Regelungen des Bundesdatenschutzgesetzes (BDSG), der Europ\u00e4ischen Datenschutz-Grundverordnung (EU-DSGVO), und des Telemediengesetzes (TMG). Wir werden Ihre personenbezogenen Daten ausschlie\u00dflich zur Bearbeitung von Anfragen und ggf. zur Abwicklung von Bestellungen \/ Vertr\u00e4gen erheben, verarbeiten und speichern. Nur wenn Sie zuvor Ihre Einwilligung gesondert erteilt haben, erfolgt eine Nutzung Ihrer Daten auch f\u00fcr weitergehende, in der Einwilligung genau bestimmte Zwecke, z.B. f\u00fcr Informationen \u00fcber Angebote per Newsletter, etc..<br \/>\n<strong>Verantwortliche Stelle i.S.d. \u00a7 13 Abs. 1 TMG \/ \u00a7 3 Abs. 7 BDSG \/ Art. 24 Abs. 1 EU-DSGVO<\/strong><br \/>\nLuna Magica e.V. (i.G.)<br \/>\nBenjamin Kr\u00fcger, Sarah Greshake<br \/>\nLuckenberger Str. 12<br \/>\n14770 Brandenburg an der Havel<br \/>\nkontakt(at)luna-magica.de<br \/>\n<strong>Anonyme \/ Pseudonymisierte Nutzung der Internetseite<\/strong><br \/>\nSie k\u00f6nnen unsere Internetseite grunds\u00e4tzlich ohne Angabe von personenbezogenen Daten besuchen. Pseudonymisierte Nutzungsdaten werden nicht mit den Daten des Tr\u00e4gers des Pseudonyms zusammengef\u00fchrt. Eine Erstellung von pseudonymen Nutzungsprofilen findet nicht statt.<br \/>\n<strong>Erheben von Daten<\/strong><br \/>\nDie Nutzung unserer Webseite ist in der Regel ohne Angabe personenbezogener Daten m\u00f6glich.<br \/>\nWir erheben und verarbeiten personenbezogene Daten nur, soweit diese f\u00fcr die Begr\u00fcndung und inhaltliche Ausgestaltung oder \u00c4nderung des Rechtsverh\u00e4ltnisses erforderlich sind (Bestandsdaten). Personenbezogene Daten \u00fcber die Inanspruchnahme unserer Internetseiten (Nutzungsdaten) erheben wir nicht.<br \/>\nSoweit auf unseren Seiten personenbezogene Daten (beispielsweise Name, Anschrift oder E-Mail-Adressen) erhoben werden, erfolgt dies, soweit m\u00f6glich, stets auf freiwilliger Basis. Diese Daten werden ohne Ihre ausdr\u00fcckliche Zustimmung nicht an Dritte weitergegeben.<br \/>\n<strong>Datenweitergabe \/ Zweckbindung<\/strong><br \/>\nWir geben personenbezogene Daten nur an Dritte weiter, soweit dies f\u00fcr uns zur Erf\u00fcllung unserer Vertragsverpflichtungen, insbesondere zur Abwicklung eines geschlossenen Vertrages, notwendig ist.<br \/>\nWenn Sie uns pers\u00f6nliche Daten im Rahmen einer Einwilligung zur Verf\u00fcgung stellen, werden diese Daten nur f\u00fcr den Zweck genutzt, der der Einwilligung zu Grunde liegt und dem Sie vorab zugestimmt haben. Wir werden Ihre personenbezogenen Daten nur so lange speichern, wie dies f\u00fcr den vorgesehenen Zweck der Datenerhebung notwendig oder gesetzlich vorgeschrieben ist.<br \/>\nIhre schutzw\u00fcrdigen Belange werden gem\u00e4\u00df den gesetzlichen Bestimmungen ber\u00fccksichtigt. Sie k\u00f6nnen bei der verantwortlichen Stelle eine Auskunft \u00fcber die Sie betreffenden gespeicherten Daten erhalten.<br \/>\nEine Weitergabe von personenbezogenen Daten an Dritte findet au\u00dfer zu den genannten Zwecken der Vertrags- und Zahlungsabwicklung nicht statt.<br \/>\n<strong>Datenverarbeitung auf dieser Internetseite<\/strong><br \/>\nWir erheben und speichern automatisch Informationen in Log Files, die Ihr Browser automatisch an uns \u00fcbermittelt. Dies sind Browsertyp\/ Browserversion, verwendetes Betriebssystem, Referrer URL und Uhrzeit der Serveranfrage. Diese Daten sind nicht bestimmten Personen zuordenbar. Eine Zusammenf\u00fchrung dieser Daten mit anderen Datenquellen wird nicht vorgenommen.<br \/>\n<strong>Hinweis zur Sicherheit<\/strong><br \/>\nWir weisen darauf hin, dass die Daten\u00fcbertragung im Internet (z.B. bei der Kommunikation per E-Mail) Sicherheitsl\u00fccken aufweisen kann. Ein l\u00fcckenloser Schutz der Daten vor dem Zugriff durch Dritte ist nicht m\u00f6glich.<br \/>\n<strong>Datensicherheit und Datenschutz, Kommunikation per E-Mail<\/strong><br \/>\nIhre personenbezogenen Daten werden durch Ergreifung aller technischen und organisatorischen M\u00f6glichkeiten so gespeichert, dass sie f\u00fcr Dritte nicht zug\u00e4nglich sind. Bei der Kommunikation per E-Mail kann die vollst\u00e4ndige Datensicherheit von uns nicht gew\u00e4hrleistet werden, sodass wir Ihnen bei Informationen mit hohem Geheimhaltungsbed\u00fcrfnis den Postweg empfehlen.<br \/>\n<strong>Nutzung von Cookies<\/strong><br \/>\nDie Internetseiten verwenden teilweise so genannte Cookies. Cookies richten auf Ihrem Rechner keinen Schaden an und enthalten keine Viren. Cookies dienen dazu, unser Angebot nutzerfreundlicher, effektiver und sicherer zu machen. Cookies sind kleine Textdateien, die auf Ihrem Rechner abgelegt werden und die Ihr Browser speichert.<br \/>\nDie meisten der von uns verwendeten Cookies sind so genannte \u201eSession-Cookies\u201c. Sie werden nach Ende Ihres Besuchs automatisch gel\u00f6scht. Andere Cookies bleiben auf Ihrem Endger\u00e4t gespeichert, bis Sie diese l\u00f6schen. Diese Cookies erm\u00f6glichen es uns, Ihren Browser beim n\u00e4chsten Besuch wiederzuerkennen.<br \/>\nSie k\u00f6nnen Ihren Browser so einstellen, dass Sie \u00fcber das Setzen von Cookies informiert werden und Cookies nur im Einzelfall erlauben, die Annahme von Cookies f\u00fcr bestimmte F\u00e4lle oder generell ausschlie\u00dfen sowie das automatische L\u00f6schen der Cookies beim Schlie\u00dfen des Browser aktivieren. Bei der Deaktivierung von Cookies kann die Funktionalit\u00e4t dieser Website eingeschr\u00e4nkt sein.<br \/>\n<strong>Cookie-Verwaltung<\/strong><br \/>\nSie k\u00f6nnen viele Online-Anzeigen-Cookies von Unternehmen \u00fcber die US-amerikanische Seite<a href=\"http:\/\/www.aboutads.info\/choices\/\" target=\"_blank\" rel=\"noopener noreferrer\">http:\/\/www.aboutads.info\/choices\/<\/a>\u00a0oder die EU-Seite\u00a0<a href=\"http:\/\/www.youronlinechoices.com\/uk\/your-ad-choices\/\" target=\"_blank\" rel=\"noopener noreferrer\">http:\/\/www.youronlinechoices.com\/uk\/your-ad-choices\/<\/a>\u00a0verwalten.<br \/>\n<strong>Server-Log-Files<\/strong><br \/>\nDer Provider der Seiten erhebt und speichert automatisch Informationen in so genannten Server-Log Files, die Ihr Browser automatisch an uns \u00fcbermittelt. Dies sind:<\/p>\n<ul>\n<li>Browsertyp und Browserversion<\/li>\n<li>verwendetes Betriebssystem<\/li>\n<li>Referrer URL<\/li>\n<li>Hostname des zugreifenden Rechners<\/li>\n<li>Uhzeit der Serveranfrage<\/li>\n<\/ul>\n<p>Diese Daten sind nicht bestimmten Personen zuordenbar. Eine Zusammenf\u00fchrung dieser Daten mit anderen Datenquellen wird nicht vorgenommen. Wir behalten uns vor, diese Daten nachtr\u00e4glich zu pr\u00fcfen, wenn uns konkrete Anhaltspunkte f\u00fcr eine rechtswidrige Nutzung bekannt werden.<br \/>\n<strong>Kontaktformular<\/strong><br \/>\nWenn Sie uns per Kontaktformular Anfragen zukommen lassen, werden Ihre Angaben aus dem Anfrageformular inklusive der von Ihnen dort angegebenen Kontaktdaten zwecks Bearbeitung der Anfrage und f\u00fcr den Fall von Anschlussfragen bei uns gespeichert. Diese Daten geben wir nicht ohne Ihre Einwilligung weiter.<br \/>\n<strong>Social-Media-Sharing-Buttons<\/strong><br \/>\nWir nutzen datenschutzkonforme Sharing-Buttons, die keine Verbindung mit externen Servern aufbauen, wenn Sie unsere Internetseite besuchen.<br \/>\n<strong>Google reCAPTCHA<\/strong><br \/>\nUm uns vor Spam-Nachrichten \u00fcber das Kontaktformular zu sch\u00fctzen, setzten wir den Google-Dienst reCAPTCHA (Ich bin kein Roboter) ein. Die Nutzug dieser Funktion unterliegt den Nutzungs- und Datenschutzbestimmungen von Google, die Sie unter\u00a0<a href=\"https:\/\/www.google.com\/intl\/de\/policies\/\" target=\"_blank\" rel=\"noopener noreferrer\">https:\/\/www.google.com\/intl\/de\/policies\/<\/a>einsehen k\u00f6nnen.<br \/>\n<strong>Widerspruch Werbe-Mails<\/strong><br \/>\nDer Nutzung von im Rahmen der Impressumspflicht und der im Rahmen von Pflichtangaben ver\u00f6ffentlichten Kontaktdaten zur \u00dcbersendung von nicht ausdr\u00fccklich angeforderter Werbung und Informationsmaterialien wird hiermit widersprochen. Die Betreiber der Seiten behalten sich ausdr\u00fccklich rechtliche Schritte im Falle der unverlangten Zusendung von Werbeinformationen, etwa durch Spam-E-Mails, vor.<br \/>\n<strong>Widersruchsrecht und Auskunftsrecht<\/strong><br \/>\nNach dem Bundesdatenschutzgesetz haben Sie jederzeit das Recht auf unentgeltliche Auskunft \u00fcber Ihre gespeicherten personenbezogenen Daten, deren Herkunft und Empf\u00e4nger und den Zweck der Datenverarbeitung sowie ein Recht auf Berichtigung, Sperrung oder L\u00f6schung dieser Daten. Ihre Daten werden dann gel\u00f6scht, falls dem nicht gesetzliche Regelungen entgegenstehen. Hierzu sowie zu weiteren Fragen zum Thema personenbezogene Daten k\u00f6nnen Sie sich jederzeit an uns wenden.<\/p>\n<h3>5. Besondere Nutzungsbedingungen<\/h3>\n<p>Soweit besondere Bedingungen f\u00fcr einzelne Nutzungen dieser Website von den vorgenannten Nummern 1. bis 4. abweichen, wird an entsprechender Stelle ausdr\u00fccklich darauf hingewiesen. In diesem Falle gelten im jeweiligen Einzelfall die besonderen Nutzungsbedingungen.<br \/>\n[Quelle: Disclaimer vom Rechtsportal\u00a0<a href=\"http:\/\/www.juraforum.de\/\">Juraforum.de<\/a>\u00a0und der Anwaltssuche\u00a0<a href=\"http:\/\/www.experten-branchenbuch.de\/\">Experten-branchenbuch.de<\/a>]<\/p>\n","protected":false},"excerpt":{"rendered":"<p>1. Haftungsbeschr\u00e4nkung Die Inhalte dieser Website werden mit gr\u00f6\u00dftm\u00f6glicher Sorgfalt erstellt. Der Anbieter \u00fcbernimmt jedoch keine Gew\u00e4hr f\u00fcr die Richtigkeit, Vollst\u00e4ndigkeit und Aktualit\u00e4t der bereitgestellten Inhalte. Die Nutzung der Inhalte der Website erfolgt auf eigene &hellip;<\/p>\n","protected":false},"author":2,"featured_media":0,"parent":0,"menu_order":0,"comment_status":"closed","ping_status":"closed","template":"","meta":{"footnotes":""},"class_list":["post-396","page","type-page","status-publish","hentry"],"_links":{"self":[{"href":"https:\/\/magnolius-larp.de\/index.php\/wp-json\/wp\/v2\/pages\/396","targetHints":{"allow":["GET"]}}],"collection":[{"href":"https:\/\/magnolius-larp.de\/index.php\/wp-json\/wp\/v2\/pages"}],"about":[{"href":"https:\/\/magnolius-larp.de\/index.php\/wp-json\/wp\/v2\/types\/page"}],"author":[{"embeddable":true,"href":"https:\/\/magnolius-larp.de\/index.php\/wp-json\/wp\/v2\/users\/2"}],"replies":[{"embeddable":true,"href":"https:\/\/magnolius-larp.de\/index.php\/wp-json\/wp\/v2\/comments?post=396"}],"version-history":[{"count":4,"href":"https:\/\/magnolius-larp.de\/index.php\/wp-json\/wp\/v2\/pages\/396\/revisions"}],"predecessor-version":[{"id":734,"href":"https:\/\/magnolius-larp.de\/index.php\/wp-json\/wp\/v2\/pages\/396\/revisions\/734"}],"wp:attachment":[{"href":"https:\/\/magnolius-larp.de\/index.php\/wp-json\/wp\/v2\/media?parent=396"}],"curies":[{"name":"wp","href":"https:\/\/api.w.org\/{rel}","templated":true}]}}