{"id":85,"date":"2020-01-22T20:30:47","date_gmt":"2020-01-22T19:30:47","guid":{"rendered":"https:\/\/larp.pihost.org\/?page_id=85"},"modified":"2020-01-31T01:44:31","modified_gmt":"2020-01-31T00:44:31","slug":"zauberhafter-lebenslauf","status":"publish","type":"page","link":"https:\/\/magnolius-larp.de\/index.php\/zauberhafter-lebenslauf\/","title":{"rendered":"Zauberhaftes Lernen"},"content":{"rendered":"<p><span style=\"font-weight: 400;\"><strong><img loading=\"lazy\" decoding=\"async\" class=\"wp-image-553 alignleft\" src=\"https:\/\/larp.pihost.org\/wp-content\/uploads\/2020\/01\/20170408_094655-768x1024.jpg\" alt=\"\" width=\"300\" height=\"400\" srcset=\"https:\/\/magnolius-larp.de\/wp-content\/uploads\/2020\/01\/20170408_094655-768x1024.jpg 768w, https:\/\/magnolius-larp.de\/wp-content\/uploads\/2020\/01\/20170408_094655-225x300.jpg 225w, https:\/\/magnolius-larp.de\/wp-content\/uploads\/2020\/01\/20170408_094655-1152x1536.jpg 1152w, https:\/\/magnolius-larp.de\/wp-content\/uploads\/2020\/01\/20170408_094655-1536x2048.jpg 1536w, https:\/\/magnolius-larp.de\/wp-content\/uploads\/2020\/01\/20170408_094655.jpg 1725w\" sizes=\"auto, (max-width: 300px) 100vw, 300px\" \/>Schulen im Ausland<\/strong> k\u00f6nnen nat\u00fcrlich auch von deutschen Hexen und Zaubererkindern besucht werden. Europa verf\u00fcgt immerhin \u00fcber einige sehr prominente Schulen f\u00fcr junge Magier*innen. So erh\u00e4lt der ein oder andere Spross durchaus die M\u00f6glichkeit, eine von diesen zu besuchen. Oft entscheiden sich f\u00fcr einen solchen Schritt Familien, in welchen ein Elternteil nicht deutsch ist und bereits selbst eine der Zaubereischulen besucht hat.<\/span><\/p>\n<p><span style=\"font-weight: 400;\">Ein <strong>Hochschulstudium,<\/strong> wie auf <em>Magnolius,<\/em> erg\u00e4nzt das Lehrangebot in unserem Land. Da die Sch\u00fcler*innen sehr unterschiedliche Vorkenntnisse mitbringen, hat sich in den vergangenen Jahrhunderten ein einmaliges Lehrkonzept erfolgreich etabliert. Der Besuch an <em>Magnolius<\/em> ist zwar eine Option und kein Muss, dennoch ist es in den allermeisten Familien gern gesehen, wenn die Spr\u00f6sslinge diese Chance wahrnehmen und ihren qualifizierenden Abschluss machen. Dennoch ist es m\u00f6glich, direkt eine Ausbildung in einem magischen Beruf zu beginnen. Allgemein aber gilt ein Abschluss auf <em>Magnolius<\/em> als h\u00f6chster anzustrebender Zauber-Rang und die Absolvent*innen sind europaweit anerkannt und gefragt. In diversen L\u00e4ndern haben sich mit der Zeit \u00e4hnliche Schulkonzepte entwickelt, <em>Magnolius<\/em> ist jedoch immer noch die renommierteste aller Hochschulen.<\/span><\/p>\n<p><span style=\"font-weight: 400;\"><strong>Ausbildungen f\u00fcr Zaubereiberufe <\/strong>sind neben dem Hochschulstudium ebenso gefragt; vor allem wenn es Familienbetriebe zu \u00fcbernehmen gilt. F\u00fcr einige Berufe gibt es festgelegte Ausbildungsrichtlinien (z.B. BuMA, Medizinisches) doch vieles wird \u00fcber das magische Talent geregelt. Gerade Handwerker*innen suchen sich oft nur eine*n Nachfolger*in und bilden nach bestem Wissen und Gewissen aus. Dazu geh\u00f6rt nat\u00fcrlich auch die Weitergabe von Betriebsgeheimnissen. Da die Deutsche Zaubereigemeinschaft eng mit der Nimagwelt verbunden ist, kommt es hin und wieder vor, dass Nimagberufe gew\u00e4hlt werden. Dies hei\u00dft aber nicht zwingend den Kontaktabbruch zur Welt der Zauberei. Nur in seltenen, oft privat belasteten, F\u00e4llen kommt so etwas vor.\u00a0<\/span><\/p>\n","protected":false},"excerpt":{"rendered":"<p>Schulen im Ausland k\u00f6nnen nat\u00fcrlich auch von deutschen Hexen und Zaubererkindern besucht werden. Europa verf\u00fcgt immerhin \u00fcber einige sehr prominente Schulen f\u00fcr junge Magier*innen. So erh\u00e4lt der ein oder andere Spross durchaus die M\u00f6glichkeit, eine &hellip;<\/p>\n","protected":false},"author":2,"featured_media":0,"parent":0,"menu_order":0,"comment_status":"closed","ping_status":"closed","template":"","meta":{"footnotes":""},"class_list":["post-85","page","type-page","status-publish","hentry"],"_links":{"self":[{"href":"https:\/\/magnolius-larp.de\/index.php\/wp-json\/wp\/v2\/pages\/85","targetHints":{"allow":["GET"]}}],"collection":[{"href":"https:\/\/magnolius-larp.de\/index.php\/wp-json\/wp\/v2\/pages"}],"about":[{"href":"https:\/\/magnolius-larp.de\/index.php\/wp-json\/wp\/v2\/types\/page"}],"author":[{"embeddable":true,"href":"https:\/\/magnolius-larp.de\/index.php\/wp-json\/wp\/v2\/users\/2"}],"replies":[{"embeddable":true,"href":"https:\/\/magnolius-larp.de\/index.php\/wp-json\/wp\/v2\/comments?post=85"}],"version-history":[{"count":7,"href":"https:\/\/magnolius-larp.de\/index.php\/wp-json\/wp\/v2\/pages\/85\/revisions"}],"predecessor-version":[{"id":555,"href":"https:\/\/magnolius-larp.de\/index.php\/wp-json\/wp\/v2\/pages\/85\/revisions\/555"}],"wp:attachment":[{"href":"https:\/\/magnolius-larp.de\/index.php\/wp-json\/wp\/v2\/media?parent=85"}],"curies":[{"name":"wp","href":"https:\/\/api.w.org\/{rel}","templated":true}]}}